{"id":37726,"date":"2026-05-05T15:56:56","date_gmt":"2026-05-05T12:56:56","guid":{"rendered":"https:\/\/mmyts.wordpresskodulehed.ee\/toode\/working-jacket\/"},"modified":"2026-05-07T16:29:46","modified_gmt":"2026-05-07T13:29:46","slug":"working-jacket-2","status":"publish","type":"product","link":"https:\/\/mmyts.wordpresskodulehed.ee\/en\/toode\/working-jacket-2\/","title":{"rendered":"Working jacket"},"content":{"rendered":"<ul style=\"padding-right: 0px;padding-left: 0px;margin: 0px\">\n<li><i class=\"Description__specification\" style=\"font-family: montserrat, Helvetica, Arial, sans-serif;font-size: 14px\">Twill, 100 % cotton,<\/i><\/li>\n<\/ul>\n<div class=\"Description__description-list\" style=\"font-family: montserrat, Helvetica, Arial, sans-serif;font-size: 14px\">\n<ul style=\"list-style-type: none;padding-left: 20px\">\n<li style=\"padding-bottom: 5px;padding-top: 5px\">full-length molded zipper with flap<\/li>\n<li style=\"padding-bottom: 5px;padding-top: 5px\">folds on the back part<\/li>\n<li style=\"padding-bottom: 5px;padding-top: 5px\">8 multifunctional pockets<\/li>\n<li style=\"padding-bottom: 5px;padding-top: 5px\">bellow pockets with flap and welt zip pockets<\/li>\n<li style=\"padding-bottom: 5px;padding-top: 5px\">rib knit sleeve cuffs with 3 % elastane<\/li>\n<li style=\"padding-bottom: 5px;padding-top: 5px\">the lower side hem with elastic band<\/li>\n<li style=\"padding-bottom: 5px;padding-top: 5px\">metal D-ring and carabiner for keys and ID cards<\/li>\n<li style=\"padding-bottom: 5px;padding-top: 5px\">double stitching for extra durability<\/li>\n<li style=\"padding-bottom: 5px;padding-top: 5px\">retroreflective elements<\/li>\n<\/ul>\n<table border=\"1\" cellpadding=\"1\" cellspacing=\"1\" style=\"font-size: 13px;width: 800px\">\n<tbody>\n<tr>\n<td>&nbsp;Size<\/td>\n<td>&nbsp;44-46<\/td>\n<td>&nbsp;48-50<\/td>\n<td>&nbsp;52-54<\/td>\n<td>&nbsp;56-58<\/td>\n<td>&nbsp;60-62<\/td>\n<\/tr>\n<tr>\n<td>&nbsp;Length cm<\/td>\n<td>&nbsp;72<\/td>\n<td>&nbsp;74<\/td>\n<td>&nbsp;76<\/td>\n<td>&nbsp;78<\/td>\n<td>&nbsp;80<\/td>\n<\/tr>\n<tr>\n<td>&nbsp;1\/2 chest cm<\/td>\n<td>&nbsp;54<\/td>\n<td>&nbsp;58<\/td>\n<td>&nbsp;62<\/td>\n<td>&nbsp;66<\/td>\n<td>&nbsp;71<\/td>\n<\/tr>\n<tr>\n<td>&nbsp;Sleeve length cm<\/td>\n<td>&nbsp;63<\/td>\n<td>&nbsp;65<\/td>\n<td>&nbsp;67<\/td>\n<td>&nbsp;69<\/td>\n<td>&nbsp;71<\/td>\n<\/tr>\n<\/tbody>\n<\/table>\n<\/div>\n","protected":false},"excerpt":{"rendered":"<p>jope, working clothers, work jacket, reflective, safety clothes, safety, jacket, jakk, t\u00f6\u00f6jope, t\u00f6\u00f6jakk, helkurvest<\/p>\n","protected":false},"featured_media":18844,"template":"","meta":{"_gspb_post_css":""},"product_brand":[],"product_cat":[77,28],"product_tag":[],"class_list":{"0":"post-37726","1":"product","2":"type-product","3":"status-publish","4":"has-post-thumbnail","6":"product_cat-toojoped-jakid-ja-vestid","7":"product_cat-uleriided","8":"pa_varv-hall","9":"pa_varv-tumesinine","11":"first","12":"instock","13":"sale","14":"shipping-taxable","15":"purchasable","16":"product-type-variable"},"_links":{"self":[{"href":"https:\/\/mmyts.wordpresskodulehed.ee\/en\/wp-json\/wp\/v2\/product\/37726","targetHints":{"allow":["GET"]}}],"collection":[{"href":"https:\/\/mmyts.wordpresskodulehed.ee\/en\/wp-json\/wp\/v2\/product"}],"about":[{"href":"https:\/\/mmyts.wordpresskodulehed.ee\/en\/wp-json\/wp\/v2\/types\/product"}],"wp:featuredmedia":[{"embeddable":true,"href":"https:\/\/mmyts.wordpresskodulehed.ee\/en\/wp-json\/wp\/v2\/media\/18844"}],"wp:attachment":[{"href":"https:\/\/mmyts.wordpresskodulehed.ee\/en\/wp-json\/wp\/v2\/media?parent=37726"}],"wp:term":[{"taxonomy":"product_brand","embeddable":true,"href":"https:\/\/mmyts.wordpresskodulehed.ee\/en\/wp-json\/wp\/v2\/product_brand?post=37726"},{"taxonomy":"product_cat","embeddable":true,"href":"https:\/\/mmyts.wordpresskodulehed.ee\/en\/wp-json\/wp\/v2\/product_cat?post=37726"},{"taxonomy":"product_tag","embeddable":true,"href":"https:\/\/mmyts.wordpresskodulehed.ee\/en\/wp-json\/wp\/v2\/product_tag?post=37726"}],"curies":[{"name":"wp","href":"https:\/\/api.w.org\/{rel}","templated":true}]}}