{"id":37728,"date":"2026-05-05T15:56:56","date_gmt":"2026-05-05T12:56:56","guid":{"rendered":"https:\/\/mmyts.wordpresskodulehed.ee\/toode\/work-trousers\/"},"modified":"2026-05-07T16:29:45","modified_gmt":"2026-05-07T13:29:45","slug":"work-trousers-3","status":"publish","type":"product","link":"https:\/\/mmyts.wordpresskodulehed.ee\/en\/toode\/work-trousers-3\/","title":{"rendered":"Work trousers"},"content":{"rendered":"<ul style=\"padding: 0px;margin: 0px\">\n<li><i class=\"Description__specification\" style=\"font-family: montserrat, Helvetica, Arial, sans-serif;font-size: 14px\">Plain weave, 65 % polyester, 35 % cotton; CORDURA\u00ae 100 % polyamide, 210 g\/m\u00b2<\/i><\/li>\n<\/ul>\n<div class=\"Description__description-list\" style=\"font-family: montserrat, Helvetica, Arial, sans-serif;font-size: 14px\">\n<ul style=\"list-style-type: none;padding-left: 20px\">\n<li style=\"padding-bottom: 5px;padding-top: 5px\">waistband with elastic sides<\/li>\n<li style=\"padding-bottom: 5px;padding-top: 5px\">10 multifunctional pockets<\/li>\n<li style=\"padding-bottom: 5px;padding-top: 5px\">plastic D-ring and carabiner for keys and ID cards<\/li>\n<li style=\"padding-bottom: 5px;padding-top: 5px\">hammer loop<\/li>\n<li style=\"padding-bottom: 5px;padding-top: 5px\">double stitching for extra durability<\/li>\n<li style=\"padding-bottom: 5px;padding-top: 5px\">highly resistant fabric CORDURA\u00ae in 01 colour<\/li>\n<li style=\"padding-bottom: 5px;padding-top: 5px\">retroreflective elements<\/li>\n<\/ul>\n<\/div>\n<table border=\"1\" cellpadding=\"1\" cellspacing=\"1\" style=\"width: 500px\">\n<tbody>\n<tr>\n<td>&nbsp;Size<\/td>\n<td>&nbsp;44-46<\/td>\n<td>&nbsp;48-50<\/td>\n<td>&nbsp;52-54<\/td>\n<td>&nbsp;56-58<\/td>\n<td>&nbsp;60-62<\/td>\n<\/tr>\n<tr>\n<td>&nbsp;Length cm<\/td>\n<td>&nbsp;56<\/td>\n<td>&nbsp;58,5<\/td>\n<td>&nbsp;61<\/td>\n<td>&nbsp;64<\/td>\n<td>&nbsp;66,5<\/td>\n<\/tr>\n<tr>\n<td>&nbsp;1\/2 chest cm<\/td>\n<td>&nbsp;38<\/td>\n<td>&nbsp;42<\/td>\n<td>&nbsp;46<\/td>\n<td>&nbsp;50<\/td>\n<td>&nbsp;55<\/td>\n<\/tr>\n<\/tbody>\n<\/table>\n","protected":false},"excerpt":{"rendered":"<p>T\u00f6\u00f6p\u00fcksid, tunked, t\u00f6\u00f6tunked, p\u00fcksid, shortsid, Workwear, overalls, woring trousers, trousers, jeans<\/p>\n","protected":false},"featured_media":18839,"template":"","meta":{"_gspb_post_css":""},"product_brand":[],"product_cat":[17,78],"product_tag":[],"class_list":{"0":"post-37728","1":"product","2":"type-product","3":"status-publish","4":"has-post-thumbnail","6":"product_cat-muud-tooted","7":"product_cat-toopuksid-ja-shortsid","8":"pa_varv-hall","9":"pa_varv-tumesinine","11":"first","12":"instock","13":"sale","14":"shipping-taxable","15":"purchasable","16":"product-type-variable"},"_links":{"self":[{"href":"https:\/\/mmyts.wordpresskodulehed.ee\/en\/wp-json\/wp\/v2\/product\/37728","targetHints":{"allow":["GET"]}}],"collection":[{"href":"https:\/\/mmyts.wordpresskodulehed.ee\/en\/wp-json\/wp\/v2\/product"}],"about":[{"href":"https:\/\/mmyts.wordpresskodulehed.ee\/en\/wp-json\/wp\/v2\/types\/product"}],"wp:featuredmedia":[{"embeddable":true,"href":"https:\/\/mmyts.wordpresskodulehed.ee\/en\/wp-json\/wp\/v2\/media\/18839"}],"wp:attachment":[{"href":"https:\/\/mmyts.wordpresskodulehed.ee\/en\/wp-json\/wp\/v2\/media?parent=37728"}],"wp:term":[{"taxonomy":"product_brand","embeddable":true,"href":"https:\/\/mmyts.wordpresskodulehed.ee\/en\/wp-json\/wp\/v2\/product_brand?post=37728"},{"taxonomy":"product_cat","embeddable":true,"href":"https:\/\/mmyts.wordpresskodulehed.ee\/en\/wp-json\/wp\/v2\/product_cat?post=37728"},{"taxonomy":"product_tag","embeddable":true,"href":"https:\/\/mmyts.wordpresskodulehed.ee\/en\/wp-json\/wp\/v2\/product_tag?post=37728"}],"curies":[{"name":"wp","href":"https:\/\/api.w.org\/{rel}","templated":true}]}}