{"id":37741,"date":"2026-05-05T15:56:58","date_gmt":"2026-05-05T12:56:58","guid":{"rendered":"https:\/\/mmyts.wordpresskodulehed.ee\/toode\/ladies-polo-shirt-with-decorative-collar\/"},"modified":"2026-05-07T16:29:19","modified_gmt":"2026-05-07T13:29:19","slug":"ladies-polo-shirt-with-decorative-collar-2","status":"publish","type":"product","link":"https:\/\/mmyts.wordpresskodulehed.ee\/en\/toode\/ladies-polo-shirt-with-decorative-collar-2\/","title":{"rendered":"Ladies polo shirt with decorative collar"},"content":{"rendered":"<ul>\n<li>stylish and durable polo shirt with decorative collar for ladies<\/li>\n<li>cut with side seams<\/li>\n<li>1:1 rib knit collar and sleeve hems with a contrast stripe<\/li>\n<li>placket with 4&nbsp;&nbsp;buttons in the shell fabric colour<\/li>\n<li>inner neckline with a shell fabric tape<\/li>\n<li>quality material \u2013 215&nbsp;g\/m2<\/li>\n<li>100 % cotton<\/li>\n<li>fixing shoulder seams<\/li>\n<li>washable until&nbsp;40\u00b0 C<\/li>\n<li>colour: dark blue<\/li>\n<\/ul>\n<table border=\"1\" cellpadding=\"1\" cellspacing=\"1\" style=\"font-size: 13px;width: 500px\">\n<tbody>\n<tr>\n<td><strong>&nbsp;Size<\/strong><\/td>\n<td><strong>&nbsp;S<\/strong><\/td>\n<td><strong>&nbsp;M<\/strong><\/td>\n<td><strong>&nbsp;L<\/strong><\/td>\n<td><strong>&nbsp;XL<\/strong><\/td>\n<td><strong>&nbsp;XXL<\/strong><\/td>\n<\/tr>\n<tr>\n<td>&nbsp;Length cm<\/td>\n<td>&nbsp;65<\/td>\n<td>&nbsp;67<\/td>\n<td>&nbsp;69<\/td>\n<td>&nbsp;71<\/td>\n<td>&nbsp;73<\/td>\n<\/tr>\n<tr>\n<td>&nbsp;1\/2 chestt cm<\/td>\n<td>&nbsp;42<\/td>\n<td>&nbsp;46<\/td>\n<td>&nbsp;50<\/td>\n<td>&nbsp;55<\/td>\n<td>&nbsp;61<\/td>\n<\/tr>\n<tr>\n<td>&nbsp;Sleeve length cm<\/td>\n<td>&nbsp;16<\/td>\n<td>&nbsp;16,5<\/td>\n<td>&nbsp;17<\/td>\n<td>&nbsp;17,5<\/td>\n<td>&nbsp;18<\/td>\n<\/tr>\n<\/tbody>\n<\/table>\n","protected":false},"excerpt":{"rendered":"<p>polos\u00e4rk, suves\u00e4rk, suvine s\u00e4rk, meeste s\u00e4rk, polo, poloshirt, shirt, kraega s\u00e4rk, krae, varrukatega s\u00e4rk, shirt with collar, naiste s\u00e4rk, ladies shirt, woman shirt, women shirt<\/p>\n","protected":false},"featured_media":17313,"template":"","meta":{"_gspb_post_css":""},"product_brand":[],"product_cat":[74],"product_tag":[],"class_list":{"0":"post-37741","1":"product","2":"type-product","3":"status-publish","4":"has-post-thumbnail","6":"product_cat-polosargid-naistele","7":"pa_varv-meresinine","8":"pa_varv-must","9":"pa_varv-punane","10":"pa_varv-tumehall","11":"pa_varv-tumesinine","12":"pa_varv-valge","14":"first","15":"instock","16":"sale","17":"shipping-taxable","18":"purchasable","19":"product-type-variable"},"_links":{"self":[{"href":"https:\/\/mmyts.wordpresskodulehed.ee\/en\/wp-json\/wp\/v2\/product\/37741","targetHints":{"allow":["GET"]}}],"collection":[{"href":"https:\/\/mmyts.wordpresskodulehed.ee\/en\/wp-json\/wp\/v2\/product"}],"about":[{"href":"https:\/\/mmyts.wordpresskodulehed.ee\/en\/wp-json\/wp\/v2\/types\/product"}],"wp:featuredmedia":[{"embeddable":true,"href":"https:\/\/mmyts.wordpresskodulehed.ee\/en\/wp-json\/wp\/v2\/media\/17313"}],"wp:attachment":[{"href":"https:\/\/mmyts.wordpresskodulehed.ee\/en\/wp-json\/wp\/v2\/media?parent=37741"}],"wp:term":[{"taxonomy":"product_brand","embeddable":true,"href":"https:\/\/mmyts.wordpresskodulehed.ee\/en\/wp-json\/wp\/v2\/product_brand?post=37741"},{"taxonomy":"product_cat","embeddable":true,"href":"https:\/\/mmyts.wordpresskodulehed.ee\/en\/wp-json\/wp\/v2\/product_cat?post=37741"},{"taxonomy":"product_tag","embeddable":true,"href":"https:\/\/mmyts.wordpresskodulehed.ee\/en\/wp-json\/wp\/v2\/product_tag?post=37741"}],"curies":[{"name":"wp","href":"https:\/\/api.w.org\/{rel}","templated":true}]}}