{"id":37803,"date":"2026-05-05T15:57:11","date_gmt":"2026-05-05T12:57:11","guid":{"rendered":"https:\/\/mmyts.wordpresskodulehed.ee\/toode\/ladies-polo-shirt\/"},"modified":"2026-05-07T16:29:23","modified_gmt":"2026-05-07T13:29:23","slug":"ladies-polo-shirt-2","status":"publish","type":"product","link":"https:\/\/mmyts.wordpresskodulehed.ee\/en\/toode\/ladies-polo-shirt-2\/","title":{"rendered":"Ladies Polo Shirt"},"content":{"rendered":"<p style=\"position: relative;padding-left: 15px;margin-bottom: 5px\">polo shirt with short sleeves<\/p>\n<ul style=\"font-family: montserrat, Helvetica, Arial, sans-serif;font-size: 11.899999618530273px;margin: 0px !important;padding: 0px !important\">\n<li style=\"position: relative;padding-left: 15px;margin-bottom: 5px\">elegant ladies cut<\/li>\n<li style=\"position: relative;padding-left: 15px;margin-bottom: 5px\">extended narrow placket with 5 buttons<\/li>\n<li style=\"position: relative;padding-left: 15px;margin-bottom: 5px\">rib knit collar and hems of sleeves<\/li>\n<li style=\"position: relative;padding-left: 15px;margin-bottom: 5px\">quality material \u2013 200&nbsp;g\/m2<\/li>\n<li style=\"position: relative;padding-left: 15px;margin-bottom: 5px\">Material 95% cotton, 5% elastane<\/li>\n<li style=\"position: relative;padding-left: 15px;margin-bottom: 5px\">Washable at 30\u00b0 C<\/li>\n<li style=\"position: relative;padding-left: 15px;margin-bottom: 5px\">Color: white<\/li>\n<\/ul>\n<table border=\"1\" cellpadding=\"1\" cellspacing=\"1\" style=\"width: 500px\">\n<tbody>\n<tr>\n<td>SIZE<\/td>\n<td>S<\/td>\n<td>M<\/td>\n<td>L<\/td>\n<td>XL<\/td>\n<td>XXL<\/td>\n<\/tr>\n<tr>\n<td>Shirt lenght cm<\/td>\n<td>61<\/td>\n<td>63<\/td>\n<td>66<\/td>\n<td>68<\/td>\n<td>70<\/td>\n<\/tr>\n<tr>\n<td>Chest 1\/2 cm<\/td>\n<td>42<\/td>\n<td>46<\/td>\n<td>50<\/td>\n<td>56<\/td>\n<td>62<\/td>\n<\/tr>\n<tr>\n<td>Sleeve lenght cm<\/td>\n<td>16<\/td>\n<td>16,5<\/td>\n<td>17<\/td>\n<td>17,5<\/td>\n<td>18<\/td>\n<\/tr>\n<\/tbody>\n<\/table>\n<p>&nbsp;<\/p>\n","protected":false},"excerpt":{"rendered":"<p>T-s\u00e4rk, naiste s\u00e4rk, kehasse hoidev, stiilne t-s\u00e4rk, suves\u00e4rk, suvine s\u00e4rk, summer shirt, ladies shirt, ladies t-shirt, t-shirt.<\/p>\n","protected":false},"featured_media":17464,"template":"","meta":{"_gspb_post_css":""},"product_brand":[],"product_cat":[74],"product_tag":[],"class_list":{"0":"post-37803","1":"product","2":"type-product","3":"status-publish","4":"has-post-thumbnail","6":"product_cat-polosargid-naistele","7":"pa_varv-hall","8":"pa_varv-meresinine","9":"pa_varv-must","10":"pa_varv-punane","11":"pa_varv-sinine","12":"pa_varv-tumesinine","13":"pa_varv-valge","15":"first","16":"instock","17":"sale","18":"shipping-taxable","19":"purchasable","20":"product-type-variable"},"_links":{"self":[{"href":"https:\/\/mmyts.wordpresskodulehed.ee\/en\/wp-json\/wp\/v2\/product\/37803","targetHints":{"allow":["GET"]}}],"collection":[{"href":"https:\/\/mmyts.wordpresskodulehed.ee\/en\/wp-json\/wp\/v2\/product"}],"about":[{"href":"https:\/\/mmyts.wordpresskodulehed.ee\/en\/wp-json\/wp\/v2\/types\/product"}],"wp:featuredmedia":[{"embeddable":true,"href":"https:\/\/mmyts.wordpresskodulehed.ee\/en\/wp-json\/wp\/v2\/media\/17464"}],"wp:attachment":[{"href":"https:\/\/mmyts.wordpresskodulehed.ee\/en\/wp-json\/wp\/v2\/media?parent=37803"}],"wp:term":[{"taxonomy":"product_brand","embeddable":true,"href":"https:\/\/mmyts.wordpresskodulehed.ee\/en\/wp-json\/wp\/v2\/product_brand?post=37803"},{"taxonomy":"product_cat","embeddable":true,"href":"https:\/\/mmyts.wordpresskodulehed.ee\/en\/wp-json\/wp\/v2\/product_cat?post=37803"},{"taxonomy":"product_tag","embeddable":true,"href":"https:\/\/mmyts.wordpresskodulehed.ee\/en\/wp-json\/wp\/v2\/product_tag?post=37803"}],"curies":[{"name":"wp","href":"https:\/\/api.w.org\/{rel}","templated":true}]}}