{"id":38000,"date":"2026-05-05T15:57:50","date_gmt":"2026-05-05T12:57:50","guid":{"rendered":"https:\/\/mmyts.wordpresskodulehed.ee\/toode\/gents-polo-shirt-with-decorative-collar\/"},"modified":"2026-05-07T16:29:17","modified_gmt":"2026-05-07T13:29:17","slug":"gents-polo-shirt-with-decorative-collar-2","status":"publish","type":"product","link":"https:\/\/mmyts.wordpresskodulehed.ee\/en\/toode\/gents-polo-shirt-with-decorative-collar-2\/","title":{"rendered":"Gents polo shirt with decorative collar"},"content":{"rendered":"<ul>\n<li>stylish and durable polo shirt with decorative collar for gents<\/li>\n<li>cut with side seams<\/li>\n<li>1:1 rib knit collar and sleeve hems with a contrast stripe<\/li>\n<li>placket with 2&nbsp;buttons in the shell fabric colour<\/li>\n<li>inner neckline with a shell fabric tape<\/li>\n<li>quality material \u2013 215&nbsp;g\/m2<\/li>\n<li>100 % cotton<\/li>\n<li>fixing shoulder seams<\/li>\n<li>washable until&nbsp;40\u00b0 C<\/li>\n<li>colour: dark blue<\/li>\n<\/ul>\n<table border=\"1\" cellpadding=\"1\" cellspacing=\"1\" style=\"font-size: 13px;width: 700px\">\n<tbody>\n<tr>\n<td><strong>&nbsp;Size<\/strong><\/td>\n<td><strong>&nbsp;S<\/strong><\/td>\n<td><strong>&nbsp;M<\/strong><\/td>\n<td><strong>&nbsp;L<\/strong><\/td>\n<td><strong>&nbsp;XL<\/strong><\/td>\n<td><strong>&nbsp;XXL<\/strong><\/td>\n<td><strong>&nbsp;XXXL<\/strong><\/td>\n<\/tr>\n<tr>\n<td>&nbsp;Length cm<\/td>\n<td>&nbsp;69<\/td>\n<td>&nbsp;73<\/td>\n<td>&nbsp;77<\/td>\n<td>&nbsp;80<\/td>\n<td>&nbsp;82<\/td>\n<td>&nbsp;84<\/td>\n<\/tr>\n<tr>\n<td>&nbsp;1\/2 chest cm<\/td>\n<td>&nbsp;48<\/td>\n<td>&nbsp;52<\/td>\n<td>&nbsp;55<\/td>\n<td>&nbsp;58<\/td>\n<td>&nbsp;61<\/td>\n<td>&nbsp;64<\/td>\n<\/tr>\n<tr>\n<td>&nbsp;Sleeve length cm<\/td>\n<td>&nbsp;21<\/td>\n<td>&nbsp;23<\/td>\n<td>&nbsp;25<\/td>\n<td>&nbsp;27<\/td>\n<td>&nbsp;28<\/td>\n<td>&nbsp;29<\/td>\n<\/tr>\n<\/tbody>\n<\/table>\n","protected":false},"excerpt":{"rendered":"<p>polos\u00e4rk, suves\u00e4rk, suvine s\u00e4rk, meeste s\u00e4rk, polo, poloshirt, shirt, kraega s\u00e4rk, krae, varrukatega s\u00e4rk, shirt with collar<\/p>\n","protected":false},"featured_media":17295,"template":"","meta":{"_gspb_post_css":""},"product_brand":[],"product_cat":[68],"product_tag":[],"class_list":{"0":"post-38000","1":"product","2":"type-product","3":"status-publish","4":"has-post-thumbnail","6":"product_cat-polosargid-meestele","7":"pa_varv-meresinine","8":"pa_varv-must","9":"pa_varv-punane","10":"pa_varv-tumehall","11":"pa_varv-tumesinine","12":"pa_varv-valge","14":"first","15":"instock","16":"sale","17":"shipping-taxable","18":"purchasable","19":"product-type-variable"},"_links":{"self":[{"href":"https:\/\/mmyts.wordpresskodulehed.ee\/en\/wp-json\/wp\/v2\/product\/38000","targetHints":{"allow":["GET"]}}],"collection":[{"href":"https:\/\/mmyts.wordpresskodulehed.ee\/en\/wp-json\/wp\/v2\/product"}],"about":[{"href":"https:\/\/mmyts.wordpresskodulehed.ee\/en\/wp-json\/wp\/v2\/types\/product"}],"wp:featuredmedia":[{"embeddable":true,"href":"https:\/\/mmyts.wordpresskodulehed.ee\/en\/wp-json\/wp\/v2\/media\/17295"}],"wp:attachment":[{"href":"https:\/\/mmyts.wordpresskodulehed.ee\/en\/wp-json\/wp\/v2\/media?parent=38000"}],"wp:term":[{"taxonomy":"product_brand","embeddable":true,"href":"https:\/\/mmyts.wordpresskodulehed.ee\/en\/wp-json\/wp\/v2\/product_brand?post=38000"},{"taxonomy":"product_cat","embeddable":true,"href":"https:\/\/mmyts.wordpresskodulehed.ee\/en\/wp-json\/wp\/v2\/product_cat?post=38000"},{"taxonomy":"product_tag","embeddable":true,"href":"https:\/\/mmyts.wordpresskodulehed.ee\/en\/wp-json\/wp\/v2\/product_tag?post=38000"}],"curies":[{"name":"wp","href":"https:\/\/api.w.org\/{rel}","templated":true}]}}