{"id":38038,"date":"2026-05-05T15:57:57","date_gmt":"2026-05-05T12:57:57","guid":{"rendered":"https:\/\/mmyts.wordpresskodulehed.ee\/toode\/merino-wool-t-shirt-for-women\/"},"modified":"2026-05-07T16:29:28","modified_gmt":"2026-05-07T13:29:28","slug":"merino-wool-t-shirt-for-women-2","status":"publish","type":"product","link":"https:\/\/mmyts.wordpresskodulehed.ee\/en\/toode\/merino-wool-t-shirt-for-women-2\/","title":{"rendered":"Merino wool T-shirt for women"},"content":{"rendered":"<ul>\n<li>Extra-fine merino wool &#8211; 190 g\/m2<\/li>\n<li>Wrinkle-free and highly breathable fabric<\/li>\n<li>Thermoregulating and antibacterial features<\/li>\n<li>The ability of moisture wicking and odor absorption<\/li>\n<li>Slim fit cut with side seams<\/li>\n<li>Narrow neckline hem from shell fabric<\/li>\n<li>Inner back neckline with a shell fabric tape<\/li>\n<li>Fixing shoulder seams<\/li>\n<li>Washable at 40\u00b0 C<\/li>\n<\/ul>\n<table border=\"1\" cellpadding=\"1\" cellspacing=\"1\" style=\"width: 500px\">\n<tbody>\n<tr>\n<td>&nbsp;Suurus<\/td>\n<td>&nbsp;XS&nbsp; &nbsp;&nbsp;<\/td>\n<td>&nbsp;S&nbsp; &nbsp;&nbsp;<\/td>\n<td>&nbsp;M&nbsp; &nbsp; &nbsp;<\/td>\n<td>&nbsp;L&nbsp; &nbsp;<\/td>\n<td>&nbsp;XL<\/td>\n<td>&nbsp;XXL<\/td>\n<\/tr>\n<tr>\n<td>&nbsp;Length cm<\/td>\n<td>&nbsp;60<\/td>\n<td>&nbsp;62<\/td>\n<td>&nbsp;64<\/td>\n<td>&nbsp;66<\/td>\n<td>&nbsp;68<\/td>\n<td>&nbsp;70<\/td>\n<\/tr>\n<tr>\n<td>&nbsp;1\/2 chest cm<\/td>\n<td>&nbsp;38<\/td>\n<td>&nbsp;42<\/td>\n<td>&nbsp;46<\/td>\n<td>&nbsp;50<\/td>\n<td>&nbsp;56<\/td>\n<td>&nbsp;62<\/td>\n<\/tr>\n<tr>\n<td>&nbsp;Sleeve length cm<\/td>\n<td>&nbsp;15<\/td>\n<td>&nbsp;16<\/td>\n<td>&nbsp;17<\/td>\n<td>&nbsp;18<\/td>\n<td>&nbsp;19<\/td>\n<td>&nbsp;20<\/td>\n<\/tr>\n<\/tbody>\n<\/table>\n<p>&nbsp;<\/p>\n","protected":false},"excerpt":{"rendered":"<p>T-shirt, t-s\u00e4rk, suves\u00e4rk, mitmev\u00e4rviline, multicolour, shirt, summer shirt , advertising shirt, sporting shirt, spordis\u00e4rk, meriino wool, meriinovill, Merino, meriinovillane s\u00e4rk, summer merino, soe s\u00e4rk<\/p>\n","protected":false},"featured_media":17561,"template":"","meta":{"_gspb_post_css":""},"product_brand":[],"product_cat":[63],"product_tag":[],"class_list":{"0":"post-38038","1":"product","2":"type-product","3":"status-publish","4":"has-post-thumbnail","6":"product_cat-sargid-t-sargid-125","7":"pa_varv-hall","8":"pa_varv-magenta","9":"pa_varv-must","11":"first","12":"instock","13":"sale","14":"shipping-taxable","15":"purchasable","16":"product-type-variable"},"_links":{"self":[{"href":"https:\/\/mmyts.wordpresskodulehed.ee\/en\/wp-json\/wp\/v2\/product\/38038","targetHints":{"allow":["GET"]}}],"collection":[{"href":"https:\/\/mmyts.wordpresskodulehed.ee\/en\/wp-json\/wp\/v2\/product"}],"about":[{"href":"https:\/\/mmyts.wordpresskodulehed.ee\/en\/wp-json\/wp\/v2\/types\/product"}],"wp:featuredmedia":[{"embeddable":true,"href":"https:\/\/mmyts.wordpresskodulehed.ee\/en\/wp-json\/wp\/v2\/media\/17561"}],"wp:attachment":[{"href":"https:\/\/mmyts.wordpresskodulehed.ee\/en\/wp-json\/wp\/v2\/media?parent=38038"}],"wp:term":[{"taxonomy":"product_brand","embeddable":true,"href":"https:\/\/mmyts.wordpresskodulehed.ee\/en\/wp-json\/wp\/v2\/product_brand?post=38038"},{"taxonomy":"product_cat","embeddable":true,"href":"https:\/\/mmyts.wordpresskodulehed.ee\/en\/wp-json\/wp\/v2\/product_cat?post=38038"},{"taxonomy":"product_tag","embeddable":true,"href":"https:\/\/mmyts.wordpresskodulehed.ee\/en\/wp-json\/wp\/v2\/product_tag?post=38038"}],"curies":[{"name":"wp","href":"https:\/\/api.w.org\/{rel}","templated":true}]}}